{"id":936,"date":"2019-12-23T12:05:22","date_gmt":"2019-12-23T11:05:22","guid":{"rendered":"https:\/\/www.ebl-redsky.com\/jobs\/"},"modified":"2023-08-07T12:14:39","modified_gmt":"2023-08-07T10:14:39","slug":"jobs","status":"publish","type":"page","link":"https:\/\/www.ebl-redsky.com\/en\/jobs\/","title":{"rendered":"Jobs"},"content":{"rendered":"\n<div class=\"wpcf7 no-js\" id=\"wpcf7-f1088-o1\" lang=\"fr-FR\" dir=\"ltr\">\n<div class=\"screen-reader-response\"><p role=\"status\" aria-live=\"polite\" aria-atomic=\"true\"><\/p> <ul><\/ul><\/div>\n<form action=\"\/en\/wp-json\/wp\/v2\/pages\/936#wpcf7-f1088-o1\" method=\"post\" class=\"wpcf7-form init\" aria-label=\"Formulaire de contact\" enctype=\"multipart\/form-data\" novalidate=\"novalidate\" data-status=\"init\">\n<div style=\"display: none;\">\n<input type=\"hidden\" name=\"_wpcf7\" value=\"1088\" \/>\n<input type=\"hidden\" name=\"_wpcf7_version\" value=\"5.9.5\" \/>\n<input type=\"hidden\" name=\"_wpcf7_locale\" value=\"fr_FR\" \/>\n<input type=\"hidden\" name=\"_wpcf7_unit_tag\" value=\"wpcf7-f1088-o1\" \/>\n<input type=\"hidden\" name=\"_wpcf7_container_post\" value=\"0\" \/>\n<input type=\"hidden\" name=\"_wpcf7_posted_data_hash\" value=\"\" \/>\n<\/div>\n<div class=\"col-md-12\">\n\t<p><label class=\"profil-job\">Votre profil<\/label><br \/>\n<span class=\"wpcf7-form-control-wrap\" data-name=\"profil\"><select class=\"wpcf7-form-control wpcf7-select wpcf7-validates-as-required\" aria-required=\"true\" aria-invalid=\"false\" name=\"profil\"><option value=\"\">&#8212;Veuillez choisir une option&#8212;<\/option><option value=\"Avocat exp\u00e9riment\u00e9\">Avocat exp\u00e9riment\u00e9<\/option><option value=\"Avocat stagiaire\">Avocat stagiaire<\/option><option value=\"Stagiaire\">Stagiaire<\/option><option value=\"Employ\u00e9(e)\">Employ\u00e9(e)<\/option><\/select><\/span>\n\t<\/p>\n<\/div>\n<div class=\"col-md-12\">\n\t<p><span class=\"wpcf7-form-control-wrap\" data-name=\"prenom\"><input size=\"40\" class=\"wpcf7-form-control wpcf7-text wpcf7-validates-as-required\" aria-required=\"true\" aria-invalid=\"false\" placeholder=\"Votre pr\u00e9nom\" value=\"\" type=\"text\" name=\"prenom\" \/><\/span>\n\t<\/p>\n<\/div>\n<div class=\"col-md-12\">\n\t<p><span class=\"wpcf7-form-control-wrap\" data-name=\"nom\"><input size=\"40\" class=\"wpcf7-form-control wpcf7-text wpcf7-validates-as-required\" aria-required=\"true\" aria-invalid=\"false\" placeholder=\"Votre nom\" value=\"\" type=\"text\" name=\"nom\" \/><\/span>\n\t<\/p>\n<\/div>\n<div class=\"col-md-12\">\n\t<p><span class=\"wpcf7-form-control-wrap\" data-name=\"mailaddress\"><input size=\"40\" class=\"wpcf7-form-control wpcf7-email wpcf7-validates-as-required wpcf7-text wpcf7-validates-as-email\" aria-required=\"true\" aria-invalid=\"false\" placeholder=\"Votre adresse email\" value=\"\" type=\"email\" name=\"mailaddress\" \/><\/span>\n\t<\/p>\n<\/div>\n<div class=\"col-md-12\">\n\t<p><span class=\"wpcf7-form-control-wrap\" data-name=\"phone\"><input size=\"40\" class=\"wpcf7-form-control wpcf7-tel wpcf7-validates-as-required wpcf7-text wpcf7-validates-as-tel\" aria-required=\"true\" aria-invalid=\"false\" placeholder=\"Votre num\u00e9ro de t\u00e9l\u00e9phone\" value=\"\" type=\"tel\" name=\"phone\" \/><\/span>\n\t<\/p>\n<\/div>\n<div class=\"col-md-12\">\n\t<div class=\"file-ebl\">\n\t\t<div class=\"title-download\">\n\t\t\t<p>Merci de joindre (au format PDF)\n\t\t\t<\/p>\n\t\t<\/div>\n\t\t<div class=\"file-redsky1\">\n\t\t\t<p><label>Votre CV<\/label><span class=\"wpcf7-form-control-wrap\" data-name=\"cv\"><input size=\"40\" class=\"wpcf7-form-control wpcf7-file wpcf7-validates-as-required\" accept=\".pdf\" aria-required=\"true\" aria-invalid=\"false\" type=\"file\" name=\"cv\" \/><\/span>\n\t\t\t<\/p>\n\t\t<\/div>\n\t\t<div class=\"file-redsky1\">\n\t\t\t<p><label>Votre lettre de motivation<\/label><span class=\"wpcf7-form-control-wrap\" data-name=\"lettre\"><input size=\"40\" class=\"wpcf7-form-control wpcf7-file wpcf7-validates-as-required\" accept=\".pdf\" aria-required=\"true\" aria-invalid=\"false\" type=\"file\" name=\"lettre\" \/><\/span>\n\t\t\t<\/p>\n\t\t<\/div>\n\t<\/div>\n<\/div>\n<div class=\"col-md-12 gdpr-redsky\">\n\t<p><span class=\"wpcf7-form-control-wrap\" data-name=\"gdpr\"><span class=\"wpcf7-form-control wpcf7-acceptance\"><span class=\"wpcf7-list-item\"><label><input type=\"checkbox\" name=\"gdpr\" value=\"1\" aria-invalid=\"false\" \/><span class=\"wpcf7-list-item-label\">J\u2019ai pris connaissance des conditions g\u00e9n\u00e9rales d\u2019utilisation et j\u2019autorise ebl redsky \u00e0 faire usage de mes donn\u00e9es pour l\u2019exercice de sa mission (RGPD)<\/span><\/label><\/span><\/span><\/span>\n\t<\/p>\n<\/div>\n<div class=\"col-md-12\">\n\t<p><input class=\"wpcf7-form-control wpcf7-submit has-spinner\" type=\"submit\" value=\"Envoyer\" \/>\n\t<\/p>\n<\/div><div class=\"wpcf7-response-output\" aria-hidden=\"true\"><\/div>\n<\/form>\n<\/div>\n\n","protected":false},"excerpt":{"rendered":"","protected":false},"author":2,"featured_media":0,"parent":0,"menu_order":0,"comment_status":"closed","ping_status":"closed","template":"page-jobs.php","meta":{"_acf_changed":false,"footnotes":""},"acf":[],"_links":{"self":[{"href":"https:\/\/www.ebl-redsky.com\/en\/wp-json\/wp\/v2\/pages\/936"}],"collection":[{"href":"https:\/\/www.ebl-redsky.com\/en\/wp-json\/wp\/v2\/pages"}],"about":[{"href":"https:\/\/www.ebl-redsky.com\/en\/wp-json\/wp\/v2\/types\/page"}],"author":[{"embeddable":true,"href":"https:\/\/www.ebl-redsky.com\/en\/wp-json\/wp\/v2\/users\/2"}],"replies":[{"embeddable":true,"href":"https:\/\/www.ebl-redsky.com\/en\/wp-json\/wp\/v2\/comments?post=936"}],"version-history":[{"count":11,"href":"https:\/\/www.ebl-redsky.com\/en\/wp-json\/wp\/v2\/pages\/936\/revisions"}],"predecessor-version":[{"id":2387,"href":"https:\/\/www.ebl-redsky.com\/en\/wp-json\/wp\/v2\/pages\/936\/revisions\/2387"}],"wp:attachment":[{"href":"https:\/\/www.ebl-redsky.com\/en\/wp-json\/wp\/v2\/media?parent=936"}],"curies":[{"name":"wp","href":"https:\/\/api.w.org\/{rel}","templated":true}]}}